{"id":53,"date":"2017-11-23T12:21:06","date_gmt":"2017-11-23T11:21:06","guid":{"rendered":"http:\/\/www.bodensee-stiftung.org\/_bs\/?page_id=53"},"modified":"2026-03-23T08:10:49","modified_gmt":"2026-03-23T07:10:49","slug":"praesidium-und-umweltrat","status":"publish","type":"page","link":"https:\/\/www.bodensee-stiftung.org\/en\/bodensee-stiftung\/praesidium-und-umweltrat\/","title":{"rendered":"Executive Committee and Environmental Council"},"content":{"rendered":"<h2>Executive Committee<\/h2>\n<p>A representative of each of the founding organisations is delegated to the\u00a0executive committee of the Lake Constance Foundation. The members of the executive committee meet at least twice a year. In January 2015, J\u00f6rg D\u00fcrr-Pucher was elected chairman of the executive committiee and Jost R\u00fcegg as his deputy.\u00a0Currently, the executive\u00a0committee consists of:\u00a0<\/p>\n<table>\n<tbody>\n<tr>\n<td><img loading=\"lazy\" decoding=\"async\" class=\"wp-image-5106 aligncenter\" src=\"http:\/\/www.bodensee-stiftung.org\/wp-content\/uploads\/Hildegard_Portrait_D.Todorovic-197x300.jpg\" alt=\"\" width=\"150\" height=\"228\" srcset=\"https:\/\/www.bodensee-stiftung.org\/wp-content\/uploads\/Hildegard_Portrait_D.Todorovic-197x300.jpg 197w, https:\/\/www.bodensee-stiftung.org\/wp-content\/uploads\/Hildegard_Portrait_D.Todorovic-768x1170.jpg 768w, https:\/\/www.bodensee-stiftung.org\/wp-content\/uploads\/Hildegard_Portrait_D.Todorovic-672x1024.jpg 672w, https:\/\/www.bodensee-stiftung.org\/wp-content\/uploads\/Hildegard_Portrait_D.Todorovic.jpg 1344w\" sizes=\"auto, (max-width: 150px) 100vw, 150px\" \/><\/td>\n<td><img loading=\"lazy\" decoding=\"async\" class=\"wp-image-5101 aligncenter\" src=\"http:\/\/www.bodensee-stiftung.org\/wp-content\/uploads\/Markus_buergisser_zugeschnitten-256x300.jpg\" alt=\"\" width=\"150\" height=\"176\" srcset=\"https:\/\/www.bodensee-stiftung.org\/wp-content\/uploads\/Markus_buergisser_zugeschnitten-256x300.jpg 256w, https:\/\/www.bodensee-stiftung.org\/wp-content\/uploads\/Markus_buergisser_zugeschnitten.jpg 489w\" sizes=\"auto, (max-width: 150px) 100vw, 150px\" \/><\/td>\n<td><img loading=\"lazy\" decoding=\"async\" class=\"wp-image-5107 aligncenter\" src=\"http:\/\/www.bodensee-stiftung.org\/wp-content\/uploads\/Foto_J\u00f6rg-D\u00fcrr-Pucher-1-232x300.jpg\" alt=\"\" width=\"150\" height=\"194\" srcset=\"https:\/\/www.bodensee-stiftung.org\/wp-content\/uploads\/Foto_J\u00f6rg-D\u00fcrr-Pucher-1-232x300.jpg 232w, https:\/\/www.bodensee-stiftung.org\/wp-content\/uploads\/Foto_J\u00f6rg-D\u00fcrr-Pucher-1-768x992.jpg 768w, https:\/\/www.bodensee-stiftung.org\/wp-content\/uploads\/Foto_J\u00f6rg-D\u00fcrr-Pucher-1-793x1024.jpg 793w, https:\/\/www.bodensee-stiftung.org\/wp-content\/uploads\/Foto_J\u00f6rg-D\u00fcrr-Pucher-1.jpg 1586w\" sizes=\"auto, (max-width: 150px) 100vw, 150px\" \/><\/td>\n<\/tr>\n<tr>\n<td style=\"text-align: center;\">\n<p><strong>Hildegard Breiner<\/strong><\/p>\n<p>\u00d6sterreichischer Naturschutzbund<\/p>\n<p>&nbsp;<\/p>\n<\/td>\n<td style=\"text-align: center;\">\n<p><strong>Markus B\u00fcrgisser<\/strong><\/p>\n<p>Pro Natura<\/p>\n<p>&nbsp;<\/p>\n<\/td>\n<td style=\"text-align: center;\">\n<p><strong>J\u00f6rg D\u00fcrr-Pucher (Pr\u00e4sident)<\/strong><\/p>\n<p>Deutsche Umwelthilfe<\/p>\n<p>&nbsp;<\/p>\n<\/td>\n<\/tr>\n<tr>\n<td><img loading=\"lazy\" decoding=\"async\" class=\"wp-image-5102 aligncenter\" src=\"http:\/\/www.bodensee-stiftung.org\/wp-content\/uploads\/copyright_MaxCine-Foto_G.Alacron_NietoMPI_Wolfgang_Side_zugeschnitten-263x300.jpg\" alt=\"\" width=\"150\" height=\"171\" srcset=\"https:\/\/www.bodensee-stiftung.org\/wp-content\/uploads\/copyright_MaxCine-Foto_G.Alacron_NietoMPI_Wolfgang_Side_zugeschnitten-263x300.jpg 263w, https:\/\/www.bodensee-stiftung.org\/wp-content\/uploads\/copyright_MaxCine-Foto_G.Alacron_NietoMPI_Wolfgang_Side_zugeschnitten-768x878.jpg 768w, https:\/\/www.bodensee-stiftung.org\/wp-content\/uploads\/copyright_MaxCine-Foto_G.Alacron_NietoMPI_Wolfgang_Side_zugeschnitten-896x1024.jpg 896w, https:\/\/www.bodensee-stiftung.org\/wp-content\/uploads\/copyright_MaxCine-Foto_G.Alacron_NietoMPI_Wolfgang_Side_zugeschnitten.jpg 1792w\" sizes=\"auto, (max-width: 150px) 100vw, 150px\" \/><\/td>\n<td><img loading=\"lazy\" decoding=\"async\" class=\"wp-image-5103 aligncenter\" src=\"http:\/\/www.bodensee-stiftung.org\/wp-content\/uploads\/Thomas_Giesinger-200x300.jpg\" alt=\"\" width=\"150\" height=\"225\" srcset=\"https:\/\/www.bodensee-stiftung.org\/wp-content\/uploads\/Thomas_Giesinger-200x300.jpg 200w, https:\/\/www.bodensee-stiftung.org\/wp-content\/uploads\/Thomas_Giesinger-768x1152.jpg 768w, https:\/\/www.bodensee-stiftung.org\/wp-content\/uploads\/Thomas_Giesinger-682x1024.jpg 682w, https:\/\/www.bodensee-stiftung.org\/wp-content\/uploads\/Thomas_Giesinger.jpg 1181w\" sizes=\"auto, (max-width: 150px) 100vw, 150px\" \/><\/td>\n<td><img loading=\"lazy\" decoding=\"async\" class=\"wp-image-5109 aligncenter\" src=\"http:\/\/www.bodensee-stiftung.org\/wp-content\/uploads\/Jost_R\u00fcegg_zugeschnitten-258x300.jpg\" alt=\"\" width=\"150\" height=\"175\" srcset=\"https:\/\/www.bodensee-stiftung.org\/wp-content\/uploads\/Jost_R\u00fcegg_zugeschnitten-258x300.jpg 258w, https:\/\/www.bodensee-stiftung.org\/wp-content\/uploads\/Jost_R\u00fcegg_zugeschnitten-768x895.jpg 768w, https:\/\/www.bodensee-stiftung.org\/wp-content\/uploads\/Jost_R\u00fcegg_zugeschnitten-879x1024.jpg 879w, https:\/\/www.bodensee-stiftung.org\/wp-content\/uploads\/Jost_R\u00fcegg_zugeschnitten.jpg 1758w\" sizes=\"auto, (max-width: 150px) 100vw, 150px\" \/><\/td>\n<\/tr>\n<tr>\n<td style=\"text-align: center;\">\n<p><strong>Wolfgang Fiedler<\/strong><\/p>\n<p>NABU<\/p>\n<\/td>\n<td style=\"text-align: center;\">\n<p><strong>Thomas Giesinger<\/strong><\/p>\n<p>BUND<\/p>\n<\/td>\n<td style=\"text-align: center;\">\n<p><strong>Jost R\u00fcegg<\/strong><\/p>\n<p>WWF Schweiz<\/p>\n<\/td>\n<\/tr>\n<\/tbody>\n<\/table>\n<p>&nbsp;<\/p>\n<h2>Environmental Council<\/h2>\n<p>The Environmental Council is the advisory board of the Lake Constance Foundation. The board consits of\u00a020 environmental protection organisations from\u00a0Austria, Switzerland and Germany. The main aim of the Environmental Council is the international knowledge exchange and the coordination of joint positions for the sustainable development of the international Lake Constance area.<\/p>\n<p>The Environmental Council meets when necessary and the members are:<\/p>\n<ul>\n<li>Arbeitsgemeinschaft Naturschutz Bodensee<\/li>\n<li>Bund Naturschutz in Bayern (BN), Kreisgruppe Lindau<\/li>\n<li>Bund Umwelt und Naturschutz Deutschland (BUND), Kreisverband Bodenseekreis<\/li>\n<li>Bund Umwelt und Naturschutz Deutschland (BUND), Kreisverband Konstanz<\/li>\n<li>Deutsche Umwelthilfe (DUH)<\/li>\n<li>ECOCAMPING e.V.<\/li>\n<li>Naturschutzbund Deutschland (NABU), Kreisverband Bodensee<\/li>\n<li>Naturschutzbund Deutschland (NABU), Kreisverband Konstanz<\/li>\n<li>Ornithologische Arbeitsgemeinschaft Bodensee (OAB)<\/li>\n<li>\u00d6sterreichischer Naturschutzbund (\u00d6NB), Landesgruppe Vorarlberg<\/li>\n<li>Pro Natura St. Gallen-Appenzell<\/li>\n<li>Pro Natura Thurgau<\/li>\n<li>Rheinaubund, Schweizerische Arbeitsgemeinschaft f\u00fcr Natur und Heimat<\/li>\n<li>Stiftung Europ\u00e4isches Naturerbe (Euronatur)<\/li>\n<li>Thurgauer Vogelschutz (TVS)<\/li>\n<li>Verein f\u00fcr Umweltberatung (VfU), \u00dcberlingen<\/li>\n<li>World Wide Fund for Nature (WWF), Sektion Appenzell<\/li>\n<li>World Wide Fund for Nature (WWF), Sektion Bodensee\/Thurgau<\/li>\n<li>World Wide Fund for Nature (WWF), Sektion Schaffhausen<\/li>\n<li>World Wide Fund for Nature (WWF), Sektion St. Gallen<\/li>\n<\/ul>\n","protected":false},"excerpt":{"rendered":"<p>Executive Committee A representative of each of the founding organisations is delegated to the\u00a0executive committee of the Lake Constance Foundation. The members of the executive committee &hellip; <a class=\"kt-excerpt-readmore\" href=\"https:\/\/www.bodensee-stiftung.org\/en\/bodensee-stiftung\/praesidium-und-umweltrat\/\" aria-label=\"Executive Committee and Environmental Council\">mehr<\/a><\/p>\n","protected":false},"author":1,"featured_media":0,"parent":12,"menu_order":0,"comment_status":"closed","ping_status":"closed","template":"page-feature.php","meta":{"footnotes":""},"class_list":["post-53","page","type-page","status-publish","hentry"],"translation":{"provider":"WPGlobus","version":"3.0.0","language":"en","enabled_languages":["de","en"],"languages":{"de":{"title":true,"content":true,"excerpt":false},"en":{"title":true,"content":true,"excerpt":false}}},"_links":{"self":[{"href":"https:\/\/www.bodensee-stiftung.org\/en\/wp-json\/wp\/v2\/pages\/53","targetHints":{"allow":["GET"]}}],"collection":[{"href":"https:\/\/www.bodensee-stiftung.org\/en\/wp-json\/wp\/v2\/pages"}],"about":[{"href":"https:\/\/www.bodensee-stiftung.org\/en\/wp-json\/wp\/v2\/types\/page"}],"author":[{"embeddable":true,"href":"https:\/\/www.bodensee-stiftung.org\/en\/wp-json\/wp\/v2\/users\/1"}],"replies":[{"embeddable":true,"href":"https:\/\/www.bodensee-stiftung.org\/en\/wp-json\/wp\/v2\/comments?post=53"}],"version-history":[{"count":28,"href":"https:\/\/www.bodensee-stiftung.org\/en\/wp-json\/wp\/v2\/pages\/53\/revisions"}],"predecessor-version":[{"id":15042,"href":"https:\/\/www.bodensee-stiftung.org\/en\/wp-json\/wp\/v2\/pages\/53\/revisions\/15042"}],"up":[{"embeddable":true,"href":"https:\/\/www.bodensee-stiftung.org\/en\/wp-json\/wp\/v2\/pages\/12"}],"wp:attachment":[{"href":"https:\/\/www.bodensee-stiftung.org\/en\/wp-json\/wp\/v2\/media?parent=53"}],"curies":[{"name":"wp","href":"https:\/\/api.w.org\/{rel}","templated":true}]}}